{"id":1336,"date":"2023-07-05T18:37:56","date_gmt":"2023-07-05T18:37:56","guid":{"rendered":"https:\/\/clinicadeladultomayor.com\/?page_id=1336"},"modified":"2023-07-05T18:38:27","modified_gmt":"2023-07-05T18:38:27","slug":"programas-de-radio","status":"publish","type":"page","link":"https:\/\/clinicadeladultomayor.com\/en\/programas-de-radio\/","title":{"rendered":"Radio programs"},"content":{"rendered":"<h2>RADIO<\/h2>\n<h2>PROGRAMS<\/h2>","protected":false},"excerpt":{"rendered":"","protected":false},"author":10,"featured_media":0,"parent":0,"menu_order":0,"comment_status":"closed","ping_status":"closed","template":"","meta":{"pagelayer_contact_templates":[],"_pagelayer_content":"","footnotes":""},"class_list":["post-1336","page","type-page","status-publish","hentry"],"yoast_head":"<!-- This site is optimized with the Yoast SEO plugin v27.4 - https:\/\/yoast.com\/product\/yoast-seo-wordpress\/ -->\n<title>Servicios geri\u00e1tricos | Cl\u00ednica del adulto mayor<\/title>\n<meta name=\"description\" content=\"En Cl\u00ednica del Adulto Mayor, se realiza a todos los pacientes una valoraci\u00f3n geri\u00e1trica integral (VGI). La VGI es un proceso diagn\u00f3stico multidimensional e interdisciplinario, dise\u00f1ado para identificar y cuantificar los problemas f\u00edsicos, funcionales, ps\u00edquicos y sociales que pueda presentar el anciano.\" \/>\n<meta name=\"robots\" content=\"index, follow, max-snippet:-1, max-image-preview:large, max-video-preview:-1\" \/>\n<link rel=\"canonical\" href=\"https:\/\/clinicadeladultomayor.com\/en\/programas-de-radio\/\" \/>\n<meta property=\"og:locale\" content=\"en_US\" \/>\n<meta property=\"og:type\" content=\"article\" \/>\n<meta property=\"og:title\" content=\"Servicios geri\u00e1tricos | Cl\u00ednica del adulto mayor\" \/>\n<meta property=\"og:description\" content=\"En Cl\u00ednica del Adulto Mayor, se realiza a todos los pacientes una valoraci\u00f3n geri\u00e1trica integral (VGI). La VGI es un proceso diagn\u00f3stico multidimensional e interdisciplinario, dise\u00f1ado para identificar y cuantificar los problemas f\u00edsicos, funcionales, ps\u00edquicos y sociales que pueda presentar el anciano.\" \/>\n<meta property=\"og:url\" content=\"https:\/\/clinicadeladultomayor.com\/en\/programas-de-radio\/\" \/>\n<meta property=\"og:site_name\" content=\"Cl\u00ednica del adulto mayor\" \/>\n<meta property=\"article:modified_time\" content=\"2023-07-05T18:38:27+00:00\" \/>\n<meta name=\"twitter:card\" content=\"summary_large_image\" \/>\n<meta name=\"twitter:label1\" content=\"Est. reading time\" \/>\n\t<meta name=\"twitter:data1\" content=\"1 minute\" \/>\n<script type=\"application\/ld+json\" class=\"yoast-schema-graph\">{\"@context\":\"https:\\\/\\\/schema.org\",\"@graph\":[{\"@type\":\"WebPage\",\"@id\":\"https:\\\/\\\/clinicadeladultomayor.com\\\/programas-de-radio\\\/\",\"url\":\"https:\\\/\\\/clinicadeladultomayor.com\\\/programas-de-radio\\\/\",\"name\":\"Servicios geri\u00e1tricos | Cl\u00ednica del adulto mayor\",\"isPartOf\":{\"@id\":\"https:\\\/\\\/clinicadeladultomayor.com\\\/#website\"},\"datePublished\":\"2023-07-05T18:37:56+00:00\",\"dateModified\":\"2023-07-05T18:38:27+00:00\",\"description\":\"En Cl\u00ednica del Adulto Mayor, se realiza a todos los pacientes una valoraci\u00f3n geri\u00e1trica integral (VGI). La VGI es un proceso diagn\u00f3stico multidimensional e interdisciplinario, dise\u00f1ado para identificar y cuantificar los problemas f\u00edsicos, funcionales, ps\u00edquicos y sociales que pueda presentar el anciano.\",\"breadcrumb\":{\"@id\":\"https:\\\/\\\/clinicadeladultomayor.com\\\/programas-de-radio\\\/#breadcrumb\"},\"inLanguage\":\"en-US\",\"potentialAction\":[{\"@type\":\"ReadAction\",\"target\":[\"https:\\\/\\\/clinicadeladultomayor.com\\\/programas-de-radio\\\/\"]}]},{\"@type\":\"BreadcrumbList\",\"@id\":\"https:\\\/\\\/clinicadeladultomayor.com\\\/programas-de-radio\\\/#breadcrumb\",\"itemListElement\":[{\"@type\":\"ListItem\",\"position\":1,\"name\":\"Portada\",\"item\":\"https:\\\/\\\/clinicadeladultomayor.com\\\/\"},{\"@type\":\"ListItem\",\"position\":2,\"name\":\"Programas de radio\"}]},{\"@type\":\"WebSite\",\"@id\":\"https:\\\/\\\/clinicadeladultomayor.com\\\/#website\",\"url\":\"https:\\\/\\\/clinicadeladultomayor.com\\\/\",\"name\":\"Cl\u00ednica del adulto mayor\",\"description\":\"Clinica geriatrica especializada en la atenci\u00f3n del adulto mayor en El Salvador. Acompa\u00f1andote hacia una vejez activa y saludable.\",\"publisher\":{\"@id\":\"https:\\\/\\\/clinicadeladultomayor.com\\\/#organization\"},\"potentialAction\":[{\"@type\":\"SearchAction\",\"target\":{\"@type\":\"EntryPoint\",\"urlTemplate\":\"https:\\\/\\\/clinicadeladultomayor.com\\\/?s={search_term_string}\"},\"query-input\":{\"@type\":\"PropertyValueSpecification\",\"valueRequired\":true,\"valueName\":\"search_term_string\"}}],\"inLanguage\":\"en-US\"},{\"@type\":\"Organization\",\"@id\":\"https:\\\/\\\/clinicadeladultomayor.com\\\/#organization\",\"name\":\"Cl\u00ednica del adulto mayor\",\"url\":\"https:\\\/\\\/clinicadeladultomayor.com\\\/\",\"logo\":{\"@type\":\"ImageObject\",\"inLanguage\":\"en-US\",\"@id\":\"https:\\\/\\\/clinicadeladultomayor.com\\\/#\\\/schema\\\/logo\\\/image\\\/\",\"url\":\"https:\\\/\\\/clinicadeladultomayor.com\\\/wp-content\\\/uploads\\\/2022\\\/05\\\/LOGO-CLINICA-DEL-ADULTO-MAYOR-LETRAS-TURQUESAS.png\",\"contentUrl\":\"https:\\\/\\\/clinicadeladultomayor.com\\\/wp-content\\\/uploads\\\/2022\\\/05\\\/LOGO-CLINICA-DEL-ADULTO-MAYOR-LETRAS-TURQUESAS.png\",\"width\":1200,\"height\":1200,\"caption\":\"Cl\u00ednica del adulto mayor\"},\"image\":{\"@id\":\"https:\\\/\\\/clinicadeladultomayor.com\\\/#\\\/schema\\\/logo\\\/image\\\/\"}}]}<\/script>\n<!-- \/ Yoast SEO plugin. -->","yoast_head_json":{"title":"Servicios geri\u00e1tricos | Cl\u00ednica del adulto mayor","description":"At the Senior Citizen Clinic, a comprehensive geriatric assessment (CGA) is performed on all \npatients. The CGA is a multidimensional and interdisciplinary diagnostic process designed to \nidentify and quantify the physical, functional, psychological, and social problems that the elderly \nmay present.","robots":{"index":"index","follow":"follow","max-snippet":"max-snippet:-1","max-image-preview":"max-image-preview:large","max-video-preview":"max-video-preview:-1"},"canonical":"https:\/\/clinicadeladultomayor.com\/en\/programas-de-radio\/","og_locale":"en_US","og_type":"article","og_title":"Servicios geri\u00e1tricos | Cl\u00ednica del adulto mayor","og_description":"En Cl\u00ednica del Adulto Mayor, se realiza a todos los pacientes una valoraci\u00f3n geri\u00e1trica integral (VGI). La VGI es un proceso diagn\u00f3stico multidimensional e interdisciplinario, dise\u00f1ado para identificar y cuantificar los problemas f\u00edsicos, funcionales, ps\u00edquicos y sociales que pueda presentar el anciano.","og_url":"https:\/\/clinicadeladultomayor.com\/en\/programas-de-radio\/","og_site_name":"Cl\u00ednica del adulto mayor","article_modified_time":"2023-07-05T18:38:27+00:00","twitter_card":"summary_large_image","twitter_misc":{"Est. reading time":"1 minute"},"schema":{"@context":"https:\/\/schema.org","@graph":[{"@type":"WebPage","@id":"https:\/\/clinicadeladultomayor.com\/programas-de-radio\/","url":"https:\/\/clinicadeladultomayor.com\/programas-de-radio\/","name":"Servicios geri\u00e1tricos | Cl\u00ednica del adulto mayor","isPartOf":{"@id":"https:\/\/clinicadeladultomayor.com\/#website"},"datePublished":"2023-07-05T18:37:56+00:00","dateModified":"2023-07-05T18:38:27+00:00","description":"At the Senior Citizen Clinic, a comprehensive geriatric assessment (CGA) is performed on all \npatients. The CGA is a multidimensional and interdisciplinary diagnostic process designed to \nidentify and quantify the physical, functional, psychological, and social problems that the elderly \nmay present.","breadcrumb":{"@id":"https:\/\/clinicadeladultomayor.com\/programas-de-radio\/#breadcrumb"},"inLanguage":"en-US","potentialAction":[{"@type":"ReadAction","target":["https:\/\/clinicadeladultomayor.com\/programas-de-radio\/"]}]},{"@type":"BreadcrumbList","@id":"https:\/\/clinicadeladultomayor.com\/programas-de-radio\/#breadcrumb","itemListElement":[{"@type":"ListItem","position":1,"name":"Portada","item":"https:\/\/clinicadeladultomayor.com\/"},{"@type":"ListItem","position":2,"name":"Programas de radio"}]},{"@type":"WebSite","@id":"https:\/\/clinicadeladultomayor.com\/#website","url":"https:\/\/clinicadeladultomayor.com\/","name":"Cl\u00ednica del adulto mayor","description":"Clinica geriatrica especializada en la atenci\u00f3n del adulto mayor en El Salvador. Acompa\u00f1andote hacia una vejez activa y saludable.","publisher":{"@id":"https:\/\/clinicadeladultomayor.com\/#organization"},"potentialAction":[{"@type":"SearchAction","target":{"@type":"EntryPoint","urlTemplate":"https:\/\/clinicadeladultomayor.com\/?s={search_term_string}"},"query-input":{"@type":"PropertyValueSpecification","valueRequired":true,"valueName":"search_term_string"}}],"inLanguage":"en-US"},{"@type":"Organization","@id":"https:\/\/clinicadeladultomayor.com\/#organization","name":"Cl\u00ednica del adulto mayor","url":"https:\/\/clinicadeladultomayor.com\/","logo":{"@type":"ImageObject","inLanguage":"en-US","@id":"https:\/\/clinicadeladultomayor.com\/#\/schema\/logo\/image\/","url":"https:\/\/clinicadeladultomayor.com\/wp-content\/uploads\/2022\/05\/LOGO-CLINICA-DEL-ADULTO-MAYOR-LETRAS-TURQUESAS.png","contentUrl":"https:\/\/clinicadeladultomayor.com\/wp-content\/uploads\/2022\/05\/LOGO-CLINICA-DEL-ADULTO-MAYOR-LETRAS-TURQUESAS.png","width":1200,"height":1200,"caption":"Cl\u00ednica del adulto mayor"},"image":{"@id":"https:\/\/clinicadeladultomayor.com\/#\/schema\/logo\/image\/"}}]}},"_links":{"self":[{"href":"https:\/\/clinicadeladultomayor.com\/en\/wp-json\/wp\/v2\/pages\/1336","targetHints":{"allow":["GET"]}}],"collection":[{"href":"https:\/\/clinicadeladultomayor.com\/en\/wp-json\/wp\/v2\/pages"}],"about":[{"href":"https:\/\/clinicadeladultomayor.com\/en\/wp-json\/wp\/v2\/types\/page"}],"author":[{"embeddable":true,"href":"https:\/\/clinicadeladultomayor.com\/en\/wp-json\/wp\/v2\/users\/10"}],"replies":[{"embeddable":true,"href":"https:\/\/clinicadeladultomayor.com\/en\/wp-json\/wp\/v2\/comments?post=1336"}],"version-history":[{"count":2,"href":"https:\/\/clinicadeladultomayor.com\/en\/wp-json\/wp\/v2\/pages\/1336\/revisions"}],"predecessor-version":[{"id":1344,"href":"https:\/\/clinicadeladultomayor.com\/en\/wp-json\/wp\/v2\/pages\/1336\/revisions\/1344"}],"wp:attachment":[{"href":"https:\/\/clinicadeladultomayor.com\/en\/wp-json\/wp\/v2\/media?parent=1336"}],"curies":[{"name":"wp","href":"https:\/\/api.w.org\/{rel}","templated":true}]}}