{"id":844,"date":"2023-02-02T14:30:50","date_gmt":"2023-02-02T14:30:50","guid":{"rendered":"https:\/\/clinicadeladultomayor.com\/?page_id=844"},"modified":"2023-11-06T14:13:47","modified_gmt":"2023-11-06T14:13:47","slug":"servicios","status":"publish","type":"page","link":"https:\/\/clinicadeladultomayor.com\/en\/servicios\/","title":{"rendered":"Services"},"content":{"rendered":"<h2>SERVICES<\/h2>\n\n\n\n\n\n\n\n\n\n\n\n\n\n<h4>COMPREHENSIVE GERIATRIC ASSESSMENT<\/h4>\n\n\n\nEn Cl\u00ednica del Adulto Mayor, se realiza a todos los pacientes una valoraci\u00f3n geri\u00e1trica integral (VGI). La VGI es un proceso diagn\u00f3stico multidimensional e interdisciplinario, dise\u00f1ado para identificar y cuantificar los problemas f\u00edsicos, funcionales, ps\u00edquicos y sociales que pueda presentar el anciano.\n\n\nEl objetivo dise\u00f1ar un plan individualizado preventivo, terap\u00e9utico y rehabilitador, con el fin de lograr el mayor nivel de independencia y calidad de vida de la persona mayor.\n\n\n\n\n\n\n\n\n\n\n\n\n\n\n\n\n\n\n\n\n\n\n\n\n\n\n\n\n\n\n\n\n\n\n\n\n<h4>HOME CONSULTATION\n<\/h4>\n\n\n<p style=\"text-align: center; color: black; font-family: 'Poppins';font-size: 18px;\">Home visit: Evaluation, diagnosis, treatment, and rehabilitation of acute, chronic, and infectious \ndiseases through home consultation.\n<\/p>\n\n\n\n\n\n<h4>DISEASE DIAGNOSIS<\/h4>\n\n\n<p style=\"text-align: center; color: black; font-family: 'Poppins';font-size: 18px;\">Evaluation, diagnosis, treatment, and rehabilitation of acute, subacute, and\/or chronic diseases.<\/p>\n\n\n\n\n\n<h4>CLINICAL PICTURE UNIFICATION<\/h4>\n\n\n<p style=\"text-align: center; color: black; font-family: 'Poppins';font-size: 18px;\">Prevention of complications and polypharmacy generated by poor management of diseases in \nolder adults.<\/p>\n\n\n\n\n\n<h4>GERONTOLOGICAL EVALUATION<\/h4>\n\n\n<p style=\"text-align: center; color: black; font-family: 'Poppins';font-size: 18px;\">Biological, psychological, social, economic, and cultural areas will be evaluated to determine the \npatient's aging process.<\/p>\n\n\n\n\n\n\n\n\n\n\n\n\n\n\n\n\n\n<h4>DIAGNOSIS AND TREATMENT OF CHRONIC PAIN OF ONCOLOGICAL ORIGIN AND OTHERS.<\/h4>\n\n\n<p style=\"text-align: center; color: black; font-family: 'Poppins';font-size: 18px;\">Management of chronic pain in older adults of oncological types and other types such as \narthralgias, or other problems, and palliative care.<\/p>\n\n\n\n\n\n<h4>CLINICAL PEDICURE <\/h4>\n\n\n<p style=\"text-align: center; color: black; font-family: 'Poppins';font-size: 18px;\">Performed on patients with diabetes or circulatory problems, for the prevention of small wounds.<\/p>\n\n\n\n\n\n<h4>WOUND CARE <\/h4>\n\n\n<p style=\"text-align: center; color: black; font-family: 'Poppins';font-size: 18px;\">We perform wound care for diabetic foot ulcers, pressure ulcers.<\/p>\n\n\n\n\n\n\n\n\n\n\n\n\n\n\n\n\n\n\n\n<h2>CLEANING<\/h2>\n\n\n<p style=\"text-align: left; color: black; font-family: 'Poppins';font-size: 18px;\">Ear cleaning is done in patients who have earwax plugs blocking the auditory canal, causing vertigo \nand sometimes dizziness.<\/p>\n\n\n\n\n\n\n\n\n\n\n\n\n\n<h4> PSYCHOLOGICAL EVALUATION.<\/h4>\n\n\n<p style=\"text-align: center; color: black; font-family: 'Poppins';font-size: 18px;\">Evaluation, diagnosis, and treatment of depression and anxiety in older adults and their families.<\/p>\n\n\n\n\n\n<h4>PHYSICAL AND MENTAL STATE EVALUATION<\/h4>\n\n\n<p style=\"text-align: center; color: black; font-family: 'Poppins';font-size: 18px;\">Evaluation of cognitive status and memory, degree of physical dependency, nutritional assessment, \nand meal planning.<\/p>\n\n\n\n\n\n<h4>NUTRITIONAL EVALUATION\n<\/h4>\n\n\n<p style=\"text-align: center; color: black; font-family: 'Poppins';font-size: 18px;\">The nutritional situation of a patient is assessed, and then through diagnosis-planning-action-\nevaluation, a nutritional plan is implemented to improve quality of life.<\/p>\n\n\n\n\n\n<h4>COGNITIVE AND MEMORY EVALUATION<\/h4>\n\n\n<p style=\"text-align: center; color: black; font-family: 'Poppins';font-size: 18px;\">To explore and detect the presence of memory alteration or deterioration and other cognitive \nabilities of the person evaluated.\n<\/p>\n\n\n\n\n\n\n\n\n\n\n\n\n\n<h4>RESPIRATORY THERAPY<\/h4>\n\n\n<p style=\"text-align: center; color: black; font-family: 'Poppins';font-size: 18px;\">For patients with chronic respiratory diseases such as asthma, chronic obstructive pulmonary \ndisease (COPD), among others; for infectious diseases like pneumonia, bronchitis, among others.<\/p>\n\n\n\n\n\n<h4>PHYSICAL THERAPY<\/h4>\n\n\n<p style=\"text-align: center; color: black; font-family: 'Poppins';font-size: 18px;\">Helps people regain body functions that were lost due to illness or injury<\/p>\n\n\n\n\n\n<h4>HOSPITALIZATION DOMICILE OR IN PRIVATE NETWORK<\/h4>\n\n\n<p style=\"text-align: center; color: black; font-family: 'Poppins';font-size: 18px;\">Hospitalization instal and in hospitals of the private network by acute or chronic diseases and infectious diseases.<\/p>","protected":false},"excerpt":{"rendered":"","protected":false},"author":10,"featured_media":0,"parent":0,"menu_order":0,"comment_status":"closed","ping_status":"closed","template":"","meta":{"pagelayer_contact_templates":[],"_pagelayer_content":"","footnotes":""},"class_list":["post-844","page","type-page","status-publish","hentry"],"yoast_head":"<!-- This site is optimized with the Yoast SEO plugin v27.4 - https:\/\/yoast.com\/product\/yoast-seo-wordpress\/ -->\n<title>Servicios geri\u00e1tricos | Cl\u00ednica del adulto mayor<\/title>\n<meta name=\"description\" content=\"\u00bfEst\u00e1s buscando un servicio que ofrezca atenci\u00f3n integral a adultos mayores con diabetes, Alzheimer, hipertensi\u00f3n y Parkinson, en El Salvador? \u00a1Cont\u00e1ctanos!\" \/>\n<meta name=\"robots\" content=\"index, follow, max-snippet:-1, max-image-preview:large, max-video-preview:-1\" \/>\n<link rel=\"canonical\" href=\"https:\/\/clinicadeladultomayor.com\/en\/servicios\/\" \/>\n<meta property=\"og:locale\" content=\"en_US\" \/>\n<meta property=\"og:type\" content=\"article\" \/>\n<meta property=\"og:title\" content=\"Servicios geri\u00e1tricos | Cl\u00ednica del adulto mayor\" \/>\n<meta property=\"og:description\" content=\"\u00bfEst\u00e1s buscando un servicio que ofrezca atenci\u00f3n integral a adultos mayores con diabetes, Alzheimer, hipertensi\u00f3n y Parkinson, en El Salvador? \u00a1Cont\u00e1ctanos!\" \/>\n<meta property=\"og:url\" content=\"https:\/\/clinicadeladultomayor.com\/en\/servicios\/\" \/>\n<meta property=\"og:site_name\" content=\"Cl\u00ednica del adulto mayor\" \/>\n<meta property=\"article:modified_time\" content=\"2023-11-06T14:13:47+00:00\" \/>\n<meta name=\"twitter:card\" content=\"summary_large_image\" \/>\n<meta name=\"twitter:label1\" content=\"Est. reading time\" \/>\n\t<meta name=\"twitter:data1\" content=\"2 minutes\" \/>\n<script type=\"application\/ld+json\" class=\"yoast-schema-graph\">{\"@context\":\"https:\\\/\\\/schema.org\",\"@graph\":[{\"@type\":\"WebPage\",\"@id\":\"https:\\\/\\\/clinicadeladultomayor.com\\\/servicios\\\/\",\"url\":\"https:\\\/\\\/clinicadeladultomayor.com\\\/servicios\\\/\",\"name\":\"Servicios geri\u00e1tricos | Cl\u00ednica del adulto mayor\",\"isPartOf\":{\"@id\":\"https:\\\/\\\/clinicadeladultomayor.com\\\/#website\"},\"datePublished\":\"2023-02-02T14:30:50+00:00\",\"dateModified\":\"2023-11-06T14:13:47+00:00\",\"description\":\"\u00bfEst\u00e1s buscando un servicio que ofrezca atenci\u00f3n integral a adultos mayores con diabetes, Alzheimer, hipertensi\u00f3n y Parkinson, en El Salvador? \u00a1Cont\u00e1ctanos!\",\"breadcrumb\":{\"@id\":\"https:\\\/\\\/clinicadeladultomayor.com\\\/servicios\\\/#breadcrumb\"},\"inLanguage\":\"en-US\",\"potentialAction\":[{\"@type\":\"ReadAction\",\"target\":[\"https:\\\/\\\/clinicadeladultomayor.com\\\/servicios\\\/\"]}]},{\"@type\":\"BreadcrumbList\",\"@id\":\"https:\\\/\\\/clinicadeladultomayor.com\\\/servicios\\\/#breadcrumb\",\"itemListElement\":[{\"@type\":\"ListItem\",\"position\":1,\"name\":\"Portada\",\"item\":\"https:\\\/\\\/clinicadeladultomayor.com\\\/\"},{\"@type\":\"ListItem\",\"position\":2,\"name\":\"Servicios\"}]},{\"@type\":\"WebSite\",\"@id\":\"https:\\\/\\\/clinicadeladultomayor.com\\\/#website\",\"url\":\"https:\\\/\\\/clinicadeladultomayor.com\\\/\",\"name\":\"Cl\u00ednica del adulto mayor\",\"description\":\"Clinica geriatrica especializada en la atenci\u00f3n del adulto mayor en El Salvador. Acompa\u00f1andote hacia una vejez activa y saludable.\",\"publisher\":{\"@id\":\"https:\\\/\\\/clinicadeladultomayor.com\\\/#organization\"},\"potentialAction\":[{\"@type\":\"SearchAction\",\"target\":{\"@type\":\"EntryPoint\",\"urlTemplate\":\"https:\\\/\\\/clinicadeladultomayor.com\\\/?s={search_term_string}\"},\"query-input\":{\"@type\":\"PropertyValueSpecification\",\"valueRequired\":true,\"valueName\":\"search_term_string\"}}],\"inLanguage\":\"en-US\"},{\"@type\":\"Organization\",\"@id\":\"https:\\\/\\\/clinicadeladultomayor.com\\\/#organization\",\"name\":\"Cl\u00ednica del adulto mayor\",\"url\":\"https:\\\/\\\/clinicadeladultomayor.com\\\/\",\"logo\":{\"@type\":\"ImageObject\",\"inLanguage\":\"en-US\",\"@id\":\"https:\\\/\\\/clinicadeladultomayor.com\\\/#\\\/schema\\\/logo\\\/image\\\/\",\"url\":\"https:\\\/\\\/clinicadeladultomayor.com\\\/wp-content\\\/uploads\\\/2022\\\/05\\\/LOGO-CLINICA-DEL-ADULTO-MAYOR-LETRAS-TURQUESAS.png\",\"contentUrl\":\"https:\\\/\\\/clinicadeladultomayor.com\\\/wp-content\\\/uploads\\\/2022\\\/05\\\/LOGO-CLINICA-DEL-ADULTO-MAYOR-LETRAS-TURQUESAS.png\",\"width\":1200,\"height\":1200,\"caption\":\"Cl\u00ednica del adulto mayor\"},\"image\":{\"@id\":\"https:\\\/\\\/clinicadeladultomayor.com\\\/#\\\/schema\\\/logo\\\/image\\\/\"}}]}<\/script>\n<!-- \/ Yoast SEO plugin. -->","yoast_head_json":{"title":"Servicios geri\u00e1tricos | Cl\u00ednica del adulto mayor","description":"\u00bfEst\u00e1s buscando un servicio que ofrezca atenci\u00f3n integral a adultos mayores con diabetes, Alzheimer, hipertensi\u00f3n y Parkinson, en El Salvador? \u00a1Cont\u00e1ctanos!","robots":{"index":"index","follow":"follow","max-snippet":"max-snippet:-1","max-image-preview":"max-image-preview:large","max-video-preview":"max-video-preview:-1"},"canonical":"https:\/\/clinicadeladultomayor.com\/en\/servicios\/","og_locale":"en_US","og_type":"article","og_title":"Servicios geri\u00e1tricos | Cl\u00ednica del adulto mayor","og_description":"\u00bfEst\u00e1s buscando un servicio que ofrezca atenci\u00f3n integral a adultos mayores con diabetes, Alzheimer, hipertensi\u00f3n y Parkinson, en El Salvador? \u00a1Cont\u00e1ctanos!","og_url":"https:\/\/clinicadeladultomayor.com\/en\/servicios\/","og_site_name":"Cl\u00ednica del adulto mayor","article_modified_time":"2023-11-06T14:13:47+00:00","twitter_card":"summary_large_image","twitter_misc":{"Est. reading time":"2 minutes"},"schema":{"@context":"https:\/\/schema.org","@graph":[{"@type":"WebPage","@id":"https:\/\/clinicadeladultomayor.com\/servicios\/","url":"https:\/\/clinicadeladultomayor.com\/servicios\/","name":"Servicios geri\u00e1tricos | Cl\u00ednica del adulto mayor","isPartOf":{"@id":"https:\/\/clinicadeladultomayor.com\/#website"},"datePublished":"2023-02-02T14:30:50+00:00","dateModified":"2023-11-06T14:13:47+00:00","description":"\u00bfEst\u00e1s buscando un servicio que ofrezca atenci\u00f3n integral a adultos mayores con diabetes, Alzheimer, hipertensi\u00f3n y Parkinson, en El Salvador? \u00a1Cont\u00e1ctanos!","breadcrumb":{"@id":"https:\/\/clinicadeladultomayor.com\/servicios\/#breadcrumb"},"inLanguage":"en-US","potentialAction":[{"@type":"ReadAction","target":["https:\/\/clinicadeladultomayor.com\/servicios\/"]}]},{"@type":"BreadcrumbList","@id":"https:\/\/clinicadeladultomayor.com\/servicios\/#breadcrumb","itemListElement":[{"@type":"ListItem","position":1,"name":"Portada","item":"https:\/\/clinicadeladultomayor.com\/"},{"@type":"ListItem","position":2,"name":"Servicios"}]},{"@type":"WebSite","@id":"https:\/\/clinicadeladultomayor.com\/#website","url":"https:\/\/clinicadeladultomayor.com\/","name":"Cl\u00ednica del adulto mayor","description":"Clinica geriatrica especializada en la atenci\u00f3n del adulto mayor en El Salvador. Acompa\u00f1andote hacia una vejez activa y saludable.","publisher":{"@id":"https:\/\/clinicadeladultomayor.com\/#organization"},"potentialAction":[{"@type":"SearchAction","target":{"@type":"EntryPoint","urlTemplate":"https:\/\/clinicadeladultomayor.com\/?s={search_term_string}"},"query-input":{"@type":"PropertyValueSpecification","valueRequired":true,"valueName":"search_term_string"}}],"inLanguage":"en-US"},{"@type":"Organization","@id":"https:\/\/clinicadeladultomayor.com\/#organization","name":"Cl\u00ednica del adulto mayor","url":"https:\/\/clinicadeladultomayor.com\/","logo":{"@type":"ImageObject","inLanguage":"en-US","@id":"https:\/\/clinicadeladultomayor.com\/#\/schema\/logo\/image\/","url":"https:\/\/clinicadeladultomayor.com\/wp-content\/uploads\/2022\/05\/LOGO-CLINICA-DEL-ADULTO-MAYOR-LETRAS-TURQUESAS.png","contentUrl":"https:\/\/clinicadeladultomayor.com\/wp-content\/uploads\/2022\/05\/LOGO-CLINICA-DEL-ADULTO-MAYOR-LETRAS-TURQUESAS.png","width":1200,"height":1200,"caption":"Cl\u00ednica del adulto mayor"},"image":{"@id":"https:\/\/clinicadeladultomayor.com\/#\/schema\/logo\/image\/"}}]}},"_links":{"self":[{"href":"https:\/\/clinicadeladultomayor.com\/en\/wp-json\/wp\/v2\/pages\/844","targetHints":{"allow":["GET"]}}],"collection":[{"href":"https:\/\/clinicadeladultomayor.com\/en\/wp-json\/wp\/v2\/pages"}],"about":[{"href":"https:\/\/clinicadeladultomayor.com\/en\/wp-json\/wp\/v2\/types\/page"}],"author":[{"embeddable":true,"href":"https:\/\/clinicadeladultomayor.com\/en\/wp-json\/wp\/v2\/users\/10"}],"replies":[{"embeddable":true,"href":"https:\/\/clinicadeladultomayor.com\/en\/wp-json\/wp\/v2\/comments?post=844"}],"version-history":[{"count":44,"href":"https:\/\/clinicadeladultomayor.com\/en\/wp-json\/wp\/v2\/pages\/844\/revisions"}],"predecessor-version":[{"id":973,"href":"https:\/\/clinicadeladultomayor.com\/en\/wp-json\/wp\/v2\/pages\/844\/revisions\/973"}],"wp:attachment":[{"href":"https:\/\/clinicadeladultomayor.com\/en\/wp-json\/wp\/v2\/media?parent=844"}],"curies":[{"name":"wp","href":"https:\/\/api.w.org\/{rel}","templated":true}]}}